{"id":385,"date":"2025-04-24T22:37:24","date_gmt":"2025-04-24T20:37:24","guid":{"rendered":"https:\/\/pizzeria-corleone.pl\/?page_id=385"},"modified":"2026-04-09T23:00:23","modified_gmt":"2026-04-09T21:00:23","slug":"strona-glowna","status":"publish","type":"page","link":"https:\/\/pizzeria-corleone.pl\/","title":{"rendered":"Strona g\u0142\u00f3wna"},"content":{"rendered":"<div class=\"n2-section-smartslider fitvidsignore  n2_clear\" data-ssid=\"3\" tabindex=\"0\" role=\"region\" aria-label=\"Slider\"><div id=\"n2-ss-3-align\" class=\"n2-ss-align\"><div class=\"n2-padding\"><div id=\"n2-ss-3\" data-creator=\"Smart Slider 3\" data-responsive=\"auto\" class=\"n2-ss-slider n2-ow n2-has-hover n2notransition  \">\n\n\n\n<div class=\"n2-ss-slider-wrapper-inside\">\n        <div class=\"n2-ss-slider-1 n2_ss__touch_element n2-ow\">\n            <div class=\"n2-ss-slider-2 n2-ow\">\n                                                <div class=\"n2-ss-slider-3 n2-ow\">\n\n                    <div class=\"n2-ss-slide-backgrounds n2-ow-all\"><div class=\"n2-ss-slide-background\" data-public-id=\"1\" data-mode=\"center\"><div class=\"n2-ss-slide-background-image\" data-blur=\"0\" data-opacity=\"30\" data-x=\"32\" data-y=\"29\" data-alt=\"\" data-title=\"\" style=\"opacity:0.3;--ss-o-pos-x:32%;--ss-o-pos-y:29%\"><picture class=\"skip-lazy\" data-skip-lazy=\"1\"><img decoding=\"async\" src=\"\/\/pizzeria-corleone.pl\/wp-content\/uploads\/slider\/cache\/9b2b4ce1495e104a0abfbe57227a2abb\/pizza.png\" alt=\"\" title=\"\" loading=\"lazy\" class=\"skip-lazy\" data-skip-lazy=\"1\"><\/picture><\/div><div data-color=\"RGBA(0,0,0,1)\" style=\"background-color: RGBA(0,0,0,1);\" class=\"n2-ss-slide-background-color\"><\/div><\/div><div class=\"n2-ss-slide-background\" data-public-id=\"2\" data-mode=\"fill\" aria-hidden=\"true\"><div class=\"n2-ss-slide-background-image\" data-blur=\"0\" data-opacity=\"30\" data-x=\"37\" data-y=\"54\" data-alt=\"\" data-title=\"\" style=\"opacity:0.3;--ss-o-pos-x:37%;--ss-o-pos-y:54%\"><picture class=\"skip-lazy\" data-skip-lazy=\"1\"><img decoding=\"async\" src=\"\/\/pizzeria-corleone.pl\/wp-content\/uploads\/slider\/cache\/7f4f65ca235cd44a3af407ad6f7be6c9\/zapiekanka.png\" alt=\"\" title=\"\" loading=\"lazy\" class=\"skip-lazy\" data-skip-lazy=\"1\"><\/picture><\/div><div data-color=\"RGBA(0,0,0,1)\" style=\"background-color: RGBA(0,0,0,1);\" class=\"n2-ss-slide-background-color\"><\/div><\/div><div class=\"n2-ss-slide-background\" data-public-id=\"3\" data-mode=\"center\" aria-hidden=\"true\"><div class=\"n2-ss-slide-background-image\" data-blur=\"0\" data-opacity=\"50\" data-x=\"14\" data-y=\"62\" data-alt=\"\" data-title=\"\" style=\"opacity:0.5;--ss-o-pos-x:14%;--ss-o-pos-y:62%\"><picture class=\"skip-lazy\" data-skip-lazy=\"1\"><img decoding=\"async\" src=\"\/\/pizzeria-corleone.pl\/wp-content\/uploads\/slider\/cache\/dbdd204541b7fd9a5141e275841d8505\/burger.png\" alt=\"\" title=\"\" loading=\"lazy\" class=\"skip-lazy\" data-skip-lazy=\"1\"><\/picture><\/div><div data-color=\"RGBA(0,0,0,1)\" style=\"background-color: RGBA(0,0,0,1);\" class=\"n2-ss-slide-background-color\"><\/div><\/div><\/div>                    <div class=\"n2-ss-slider-4 n2-ow\">\n                        <svg xmlns=\"http:\/\/www.w3.org\/2000\/svg\" viewBox=\"0 0 1200 600\" data-related-device=\"desktopPortrait\" class=\"n2-ow n2-ss-preserve-size n2-ss-preserve-size--slider n2-ss-slide-limiter\"><\/svg><div data-first=\"1\" data-slide-duration=\"0\" data-id=\"5\" data-slide-public-id=\"1\" data-title=\"Slide 3\" class=\"n2-ss-slide n2-ow  n2-ss-slide-5\"><div role=\"note\" class=\"n2-ss-slide--focus\" tabindex=\"-1\">Slide 3<\/div><div class=\"n2-ss-layers-container n2-ss-slide-limiter n2-ow\"><div class=\"n2-ss-layer n2-ow n-uc-PiDsHcWjSzC4\" data-sstype=\"slide\" data-pm=\"default\"><div class=\"n2-ss-layer n2-ow n-uc-1cf1a6df0ba9b\" data-pm=\"default\" data-sstype=\"content\" data-hasbackground=\"0\"><div class=\"n2-ss-section-main-content n2-ss-layer-with-background n2-ss-layer-content n2-ow n-uc-1cf1a6df0ba9b-inner\"><div class=\"n2-ss-layer n2-ow n-uc-0RwpPgtl60A7\" data-pm=\"normal\" data-sstype=\"layer\"><div id=\"n2-ss-3item1\" class=\"n2-font-8a35694de5c4ca1619e92e2c8ca52438-hover   n2-ss-item-content n2-ss-text n2-ow\" style=\"display:block;\">PIZZA<\/div><\/div><div class=\"n2-ss-layer n2-ow n-uc-FwMNdze8Z94d\" data-pm=\"normal\" data-sstype=\"layer\"><div class=\"n2-ss-item-content n2-ss-text n2-ow-all\"><div class=\"\"><p class=\"n2-font-8de9fe269db2ede2186100a27f57ea6e-paragraph   \">Nasza pizza to nie cienkie, w\u0142oskie ciasto. To solidna porcja na grubszym spodzie, bogato ob\u0142o\u017cona sk\u0142adnikami. Idealna, \u017ceby si\u0119 naprawd\u0119 naje\u015b\u0107 i wyj\u015b\u0107 zadowolonym. Du\u017co sera, du\u017co smaku, du\u017co satysfakcji.<\/p>\n<\/div><\/div><\/div><div class=\"n2-ss-layer n2-ow n-uc-fWcfudND881f n2-ss-layer--auto\" data-pm=\"normal\" data-sstype=\"layer\"><div class=\"n2-ss-button-container n2-ss-item-content n2-ow n2-font-e664dae274c8ca83fd9d87b19821c56b-link  n2-ss-nowrap n2-ss-button-container--non-full-width\"><a class=\"n2-style-23ae5c67d918079ddd366aacd99cc9ce-heading  n2-ow \" href=\"https:\/\/pizzeria-corleone.pl\/index.php\/2023\/12\/09\/pizza\/\"><div><div>menu<\/div><\/div><\/a><\/div><\/div><\/div><\/div><\/div><\/div><\/div><div data-slide-duration=\"0\" data-id=\"3\" data-slide-public-id=\"2\" aria-hidden=\"true\" data-title=\"Slide 1\" class=\"n2-ss-slide n2-ow  n2-ss-slide-3\"><div role=\"note\" class=\"n2-ss-slide--focus\" tabindex=\"-1\">Slide 1<\/div><div class=\"n2-ss-layers-container n2-ss-slide-limiter n2-ow\"><div class=\"n2-ss-layer n2-ow n-uc-oh52sI2IJJLg\" data-sstype=\"slide\" data-pm=\"default\"><div class=\"n2-ss-layer n2-ow n-uc-16610d53ccff8\" data-pm=\"default\" data-sstype=\"content\" data-hasbackground=\"0\"><div class=\"n2-ss-section-main-content n2-ss-layer-with-background n2-ss-layer-content n2-ow n-uc-16610d53ccff8-inner\"><div class=\"n2-ss-layer n2-ow n-uc-1ftWlx9uWsi6\" data-pm=\"normal\" data-sstype=\"layer\"><div id=\"n2-ss-3item4\" class=\"n2-font-8a35694de5c4ca1619e92e2c8ca52438-hover   n2-ss-item-content n2-ss-text n2-ow\" style=\"display:block;\">Zapiekanki z pieca do pizzy<\/div><\/div><div class=\"n2-ss-layer n2-ow n-uc-rpoWb4vNCej1\" data-pm=\"normal\" data-sstype=\"layer\"><div class=\"n2-ss-item-content n2-ss-text n2-ow-all\"><div class=\"\"><p class=\"n2-font-8de9fe269db2ede2186100a27f57ea6e-paragraph   \">Wypiekane w piecu do pizzy, chrupi\u0105ce z zewn\u0105trz, mi\u0119kkie w \u015brodku. Klasyczna baza z pieczarkami i serem, a do tego szeroki wyb\u00f3r dodatk\u00f3w \u2014 od szynki po warzywa i sosy. Prosto, smacznie i po polsku.<\/p>\n<\/div><\/div><\/div><div class=\"n2-ss-layer n2-ow n-uc-KlnwWFPfCCJI n2-ss-layer--auto\" data-pm=\"normal\" data-sstype=\"layer\"><div class=\"n2-ss-button-container n2-ss-item-content n2-ow n2-font-e664dae274c8ca83fd9d87b19821c56b-link  n2-ss-nowrap n2-ss-button-container--non-full-width\"><a class=\"n2-style-3a05881de49a872c2d919e9cc0681de0-heading  n2-ow \" href=\"https:\/\/pizzeria-corleone.pl\/index.php\/2023\/12\/09\/zapiekanki\/\"><div><div>MENU<\/div><\/div><\/a><\/div><\/div><\/div><\/div><\/div><\/div><\/div><div data-slide-duration=\"0\" data-id=\"4\" data-slide-public-id=\"3\" aria-hidden=\"true\" data-title=\"burgery\" class=\"n2-ss-slide n2-ow  n2-ss-slide-4\"><div role=\"note\" class=\"n2-ss-slide--focus\" tabindex=\"-1\">burgery<\/div><div class=\"n2-ss-layers-container n2-ss-slide-limiter n2-ow\"><div class=\"n2-ss-layer n2-ow n-uc-Pcgw0KHOpW5c\" data-sstype=\"slide\" data-pm=\"default\"><div class=\"n2-ss-layer n2-ow n-uc-1bc3fe1320016\" data-pm=\"default\" data-sstype=\"content\" data-hasbackground=\"0\"><div class=\"n2-ss-section-main-content n2-ss-layer-with-background n2-ss-layer-content n2-ow n-uc-1bc3fe1320016-inner\"><div class=\"n2-ss-layer n2-ow n-uc-14911fc3d63f4\" data-pm=\"normal\" data-sstype=\"layer\"><div id=\"n2-ss-3item7\" class=\"n2-font-8a35694de5c4ca1619e92e2c8ca52438-hover   n2-ss-item-content n2-ss-text n2-ow\" style=\"display:block;\">BURGERY I INNE<\/div><\/div><div class=\"n2-ss-layer n2-ow n-uc-1a7496b8ace71\" data-pm=\"normal\" data-sstype=\"layer\"><div class=\"n2-ss-item-content n2-ss-text n2-ow-all\"><div class=\"\"><p class=\"n2-font-8de9fe269db2ede2186100a27f57ea6e-paragraph   \">Klasyczne hamburgery w r\u00f3\u017cnych wariantach \u2014 z wo\u0142owin\u0105, kurczakiem, serem lub dla odwa\u017cnych \u2013 wersje na ostro. Do tego z\u0142ociste frytki i frytki z serem. Szybkie, solidne jedzenie, kt\u00f3re idealnie wpasowuje si\u0119 w klimat prawdziwego fast foodu.<\/p>\n<\/div><\/div><\/div><div class=\"n2-ss-layer n2-ow n-uc-17f92666a24b6 n2-ss-layer--auto\" data-pm=\"normal\" data-sstype=\"layer\"><div class=\"n2-ss-button-container n2-ss-item-content n2-ow n2-font-e664dae274c8ca83fd9d87b19821c56b-link  n2-ss-nowrap n2-ss-button-container--non-full-width\"><a class=\"n2-style-23ae5c67d918079ddd366aacd99cc9ce-heading  n2-ow \" href=\"https:\/\/pizzeria-corleone.pl\/index.php\/2023\/12\/09\/inne\/\"><div><div>menu<\/div><\/div><\/a><\/div><\/div><\/div><\/div><\/div><\/div><\/div>                    <\/div>\n\n                                    <\/div>\n            <\/div>\n        <\/div>\n        <div class=\"n2-ss-slider-controls n2-ss-slider-controls-absolute-left-center\"><div style=\"--widget-offset:15px;\" class=\"n2-ss-widget nextend-arrow n2-ow-all nextend-arrow-previous  nextend-arrow-animated-fade\" data-hide-mobileportrait=\"1\" id=\"n2-ss-3-arrow-previous\" role=\"button\" aria-label=\"previous arrow\" tabindex=\"0\"><img loading=\"lazy\" decoding=\"async\" width=\"32\" height=\"32\" class=\"skip-lazy\" data-skip-lazy=\"1\" src=\"data:image\/svg+xml;base64,PHN2ZyB3aWR0aD0iMzIiIGhlaWdodD0iMzIiIHZpZXdCb3g9IjAgMCAzMiAzMiIgeG1sbnM9Imh0dHA6Ly93d3cudzMub3JnLzIwMDAvc3ZnIj4KICAgIDxwYXRoIGQ9Ik0xMS40MzMgMTUuOTkyTDIyLjY5IDUuNzEyYy4zOTMtLjM5LjM5My0xLjAzIDAtMS40Mi0uMzkzLS4zOS0xLjAzLS4zOS0xLjQyMyAwbC0xMS45OCAxMC45NGMtLjIxLjIxLS4zLjQ5LS4yODUuNzYtLjAxNS4yOC4wNzUuNTYuMjg0Ljc3bDExLjk4IDEwLjk0Yy4zOTMuMzkgMS4wMy4zOSAxLjQyNCAwIC4zOTMtLjQuMzkzLTEuMDMgMC0xLjQybC0xMS4yNTctMTAuMjkiCiAgICAgICAgICBmaWxsPSIjZmZmZmZmIiBvcGFjaXR5PSIwLjgiIGZpbGwtcnVsZT0iZXZlbm9kZCIvPgo8L3N2Zz4=\" alt=\"previous arrow\"><\/div><\/div><div class=\"n2-ss-slider-controls n2-ss-slider-controls-absolute-right-center\"><div style=\"--widget-offset:15px;\" class=\"n2-ss-widget nextend-arrow n2-ow-all nextend-arrow-next  nextend-arrow-animated-fade\" data-hide-mobileportrait=\"1\" id=\"n2-ss-3-arrow-next\" role=\"button\" aria-label=\"next arrow\" tabindex=\"0\"><img loading=\"lazy\" decoding=\"async\" width=\"32\" height=\"32\" class=\"skip-lazy\" data-skip-lazy=\"1\" src=\"data:image\/svg+xml;base64,PHN2ZyB3aWR0aD0iMzIiIGhlaWdodD0iMzIiIHZpZXdCb3g9IjAgMCAzMiAzMiIgeG1sbnM9Imh0dHA6Ly93d3cudzMub3JnLzIwMDAvc3ZnIj4KICAgIDxwYXRoIGQ9Ik0xMC43MjIgNC4yOTNjLS4zOTQtLjM5LTEuMDMyLS4zOS0xLjQyNyAwLS4zOTMuMzktLjM5MyAxLjAzIDAgMS40MmwxMS4yODMgMTAuMjgtMTEuMjgzIDEwLjI5Yy0uMzkzLjM5LS4zOTMgMS4wMiAwIDEuNDIuMzk1LjM5IDEuMDMzLjM5IDEuNDI3IDBsMTIuMDA3LTEwLjk0Yy4yMS0uMjEuMy0uNDkuMjg0LS43Ny4wMTQtLjI3LS4wNzYtLjU1LS4yODYtLjc2TDEwLjcyIDQuMjkzeiIKICAgICAgICAgIGZpbGw9IiNmZmZmZmYiIG9wYWNpdHk9IjAuOCIgZmlsbC1ydWxlPSJldmVub2RkIi8+Cjwvc3ZnPg==\" alt=\"next arrow\"><\/div><\/div><div class=\"n2-ss-slider-controls n2-ss-slider-controls-absolute-center-bottom\"><div style=\"--widget-offset:10px;\" class=\"n2-ss-widget n2-ss-control-bullet n2-ow-all n2-ss-control-bullet-horizontal\"><div class=\" nextend-bullet-bar n2-bar-justify-content-center\" role=\"group\" aria-label=\"Choose slide to display.\"><div class=\"n2-bullet n2-style-bcef68443b2682444059e693254dd628-dot \" style=\"visibility:hidden;\"><\/div><\/div><\/div><\/div><\/div><\/div><ss3-loader><\/ss3-loader><\/div><\/div><div class=\"n2_clear\"><\/div><\/div>\n\n\n<p><\/p>\n\n\n<div  class=\"ultp-post-grid-block wp-block-ultimate-post-post-grid-1 ultp-block-646535\"><div class=\"ultp-block-wrapper\"><div class=\"ultp-loading\"><div class=\"ultp-loading-blocks\" style=\"width:100%;height:100%;\"><div style=\"left: 0;top: 0;animation-delay:0s;\"><\/div><div style=\"left: 21px;top: 0;animation-delay:0.125s;\"><\/div><div style=\"left: 42px;top: 0;animation-delay:0.25s;\"><\/div><div style=\"left: 0;top: 21px;animation-delay:0.875s;\"><\/div><div style=\"left: 42px;top: 21px;animation-delay:0.375s;\"><\/div><div style=\"left: 0;top: 42px;animation-delay:0.75s;\"><\/div><div style=\"left: 42px;top: 42px;animation-delay:0.625s;\"><\/div><div style=\"left: 21px;top: 42px;animation-delay:0.5s;\"><\/div><\/div><\/div><div class=\"ultp-block-items-wrap ultp-block-row ultp-pg1a-style1 ultp-grid1-responsive ultp-block-column-4 ultp-sm-column-2 ultp-xs-column-1 ultp-layout1\"><div class=\"ultp-block-item post-id-217\"><div class=\"ultp-block-content-wrap\"><div class=\"ultp-block-image ultp-block-image-opacity\"><a href=\"https:\/\/pizzeria-corleone.pl\/index.php\/2023\/12\/09\/pizza\/\" ><img decoding=\"async\"  class=\"ultp-block-image-content\"  alt=\"Pizza\"  src=\"https:\/\/pizzeria-corleone.pl\/wp-content\/uploads\/2023\/12\/pizzaimage.png\" \/><\/a><\/div><div class=\"ultp-block-content\"><h3 class=\"ultp-block-title \"><a href=\"https:\/\/pizzeria-corleone.pl\/index.php\/2023\/12\/09\/pizza\/\" >Pizza<\/a><\/h3><\/div><\/div><\/div><div class=\"ultp-block-item post-id-214\"><div class=\"ultp-block-content-wrap\"><div class=\"ultp-block-image ultp-block-image-opacity\"><a href=\"https:\/\/pizzeria-corleone.pl\/index.php\/2023\/12\/09\/inne\/\" ><img decoding=\"async\"  class=\"ultp-block-image-content\"  alt=\"Inne\"  src=\"https:\/\/pizzeria-corleone.pl\/wp-content\/uploads\/2023\/12\/inneimage.png\" \/><\/a><\/div><div class=\"ultp-block-content\"><h3 class=\"ultp-block-title \"><a href=\"https:\/\/pizzeria-corleone.pl\/index.php\/2023\/12\/09\/inne\/\" >Inne<\/a><\/h3><\/div><\/div><\/div><div class=\"ultp-block-item post-id-211\"><div class=\"ultp-block-content-wrap\"><div class=\"ultp-block-image ultp-block-image-opacity\"><a href=\"https:\/\/pizzeria-corleone.pl\/index.php\/2023\/12\/09\/kebaby\/\" ><img decoding=\"async\"  class=\"ultp-block-image-content\"  alt=\"Kebaby\"  src=\"https:\/\/pizzeria-corleone.pl\/wp-content\/uploads\/2023\/12\/kebabimages.png\" \/><\/a><\/div><div class=\"ultp-block-content\"><h3 class=\"ultp-block-title \"><a href=\"https:\/\/pizzeria-corleone.pl\/index.php\/2023\/12\/09\/kebaby\/\" >Kebaby<\/a><\/h3><\/div><\/div><\/div><div class=\"ultp-block-item post-id-208\"><div class=\"ultp-block-content-wrap\"><div class=\"ultp-block-image ultp-block-image-opacity\"><a href=\"https:\/\/pizzeria-corleone.pl\/index.php\/2023\/12\/09\/zapiekanki\/\" ><img decoding=\"async\"  class=\"ultp-block-image-content\"  alt=\"Zapiekanki\"  src=\"https:\/\/pizzeria-corleone.pl\/wp-content\/uploads\/2023\/12\/zapiekankaimage.png\" \/><\/a><\/div><div class=\"ultp-block-content\"><h3 class=\"ultp-block-title \"><a href=\"https:\/\/pizzeria-corleone.pl\/index.php\/2023\/12\/09\/zapiekanki\/\" >Zapiekanki<\/a><\/h3><\/div><\/div><\/div><\/div><\/div><div class=\"pagination-block-html\" aria-hidden=\"true\" style=\"display: none;\"><\/div><\/div>\n\n\n<p class=\"has-text-align-center has-large-font-size\"><mark style=\"background-color:rgba(0, 0, 0, 0);color:#cf2e2e\" class=\"has-inline-color\"><strong>NOWO\u015a\u0106<\/strong><\/mark> &#8211; Pizza NDUJA\ud83c\udf36\ufe0f<\/p>\n\n\n\n<p class=\"has-text-align-center\">Co\u015b nowego\/ostrego wpada do Naszego menu <img loading=\"lazy\" decoding=\"async\" height=\"16\" width=\"16\" alt=\"\ud83e\udee3\" src=\"https:\/\/static.xx.fbcdn.net\/images\/emoji.php\/v9\/t27\/1\/16\/1fae3.png\"><\/p>\n\n\n\n<p class=\"has-text-align-center\"><img loading=\"lazy\" decoding=\"async\" height=\"16\" width=\"16\" alt=\"\ud83d\udc49\" src=\"https:\/\/static.xx.fbcdn.net\/images\/emoji.php\/v9\/t51\/1\/16\/1f449.png\">sos pomidorowy <img loading=\"lazy\" decoding=\"async\" height=\"16\" width=\"16\" alt=\"\ud83c\udf45\" src=\"https:\/\/static.xx.fbcdn.net\/images\/emoji.php\/v9\/tc\/1\/16\/1f345.png\"><\/p>\n\n\n\n<p class=\"has-text-align-center\"><img loading=\"lazy\" decoding=\"async\" height=\"16\" width=\"16\" alt=\"\ud83d\udc49\" src=\"https:\/\/static.xx.fbcdn.net\/images\/emoji.php\/v9\/t51\/1\/16\/1f449.png\"> mozarella<\/p>\n\n\n\n<p class=\"has-text-align-center\"><img loading=\"lazy\" decoding=\"async\" height=\"16\" width=\"16\" alt=\"\ud83d\udc49\" src=\"https:\/\/static.xx.fbcdn.net\/images\/emoji.php\/v9\/t51\/1\/16\/1f449.png\"> czerwona cebulka<\/p>\n\n\n\n<p class=\"has-text-align-center\"><img loading=\"lazy\" decoding=\"async\" height=\"16\" width=\"16\" alt=\"\ud83d\udc49\" src=\"https:\/\/static.xx.fbcdn.net\/images\/emoji.php\/v9\/t51\/1\/16\/1f449.png\"> mascarpone <img loading=\"lazy\" decoding=\"async\" height=\"16\" width=\"16\" alt=\"\ud83e\udd0c\" src=\"https:\/\/static.xx.fbcdn.net\/images\/emoji.php\/v9\/t44\/1\/16\/1f90c.png\"><\/p>\n\n\n\n<p class=\"has-text-align-center\"><img loading=\"lazy\" decoding=\"async\" height=\"16\" width=\"16\" alt=\"\ud83d\udc49\" src=\"https:\/\/static.xx.fbcdn.net\/images\/emoji.php\/v9\/t51\/1\/16\/1f449.png\"> Nduja <img loading=\"lazy\" decoding=\"async\" height=\"16\" width=\"16\" alt=\"\ud83c\udf36\" src=\"https:\/\/static.xx.fbcdn.net\/images\/emoji.php\/v9\/tee\/1\/16\/1f336.png\"> ( kie\u0142basa z mi\u0119sa wieprzowego i ostrych papryczek chili <img loading=\"lazy\" decoding=\"async\" height=\"16\" width=\"16\" alt=\"\ud83e\udd70\" src=\"https:\/\/static.xx.fbcdn.net\/images\/emoji.php\/v9\/tea\/1\/16\/1f970.png\">)<\/p>\n\n\n\n<p class=\"has-text-align-center has-small-font-size\"><strong>\ud83d\udce2 Uwaga! Zmiana cen \ud83d\udce2<br><\/strong>Informujemy, \u017ce od dnia <strong>01.03.2026 r.<\/strong> obowi\u0105zuj\u0105 <strong>nowe ceny<\/strong> w naszym menu.<br>Dzi\u0119kujemy za zrozumienie i zapraszamy jak zawsze na pyszn\u0105 pizz\u0119!<\/p>\n","protected":false},"excerpt":{"rendered":"NOWO\u015a\u0106 &#8211; Pizza NDUJA\ud83c\udf36\ufe0f Co\u015b nowego\/ostrego wpada do Naszego menu sos pomidorowy mozarella czerwona cebulka mascarpone Nduja ( kie\u0142basa z mi\u0119sa wieprzowego i ostrych papryczek chili ) \ud83d\udce2 Uwaga! Zmiana cen \ud83d\udce2Informujemy, \u017ce od dnia 01.03.2026 r. obowi\u0105zuj\u0105 nowe ceny w naszym menu.Dzi\u0119kujemy za zrozumienie i zapraszamy jak zawsze na pyszn\u0105 pizz\u0119!","protected":false},"author":1,"featured_media":0,"parent":0,"menu_order":0,"comment_status":"closed","ping_status":"closed","template":"","meta":{"site-sidebar-layout":"default","site-content-layout":"","ast-site-content-layout":"","site-content-style":"default","site-sidebar-style":"default","ast-global-header-display":"","ast-banner-title-visibility":"","ast-main-header-display":"","ast-hfb-above-header-display":"","ast-hfb-below-header-display":"","ast-hfb-mobile-header-display":"","site-post-title":"disabled","ast-breadcrumbs-content":"","ast-featured-img":"","footer-sml-layout":"","theme-transparent-header-meta":"","adv-header-id-meta":"","stick-header-meta":"","header-above-stick-meta":"","header-main-stick-meta":"","header-below-stick-meta":"","astra-migrate-meta-layouts":"default","ast-page-background-enabled":"default","ast-page-background-meta":{"desktop":{"background-color":"var(--ast-global-color-5)","background-image":"","background-repeat":"repeat","background-position":"center center","background-size":"auto","background-attachment":"scroll","background-type":"","background-media":"","overlay-type":"","overlay-color":"","overlay-opacity":"","overlay-gradient":""},"tablet":{"background-color":"","background-image":"","background-repeat":"repeat","background-position":"center center","background-size":"auto","background-attachment":"scroll","background-type":"","background-media":"","overlay-type":"","overlay-color":"","overlay-opacity":"","overlay-gradient":""},"mobile":{"background-color":"","background-image":"","background-repeat":"repeat","background-position":"center center","background-size":"auto","background-attachment":"scroll","background-type":"","background-media":"","overlay-type":"","overlay-color":"","overlay-opacity":"","overlay-gradient":""}},"ast-content-background-meta":{"desktop":{"background-color":"var(--ast-global-color-4)","background-image":"","background-repeat":"repeat","background-position":"center center","background-size":"auto","background-attachment":"scroll","background-type":"","background-media":"","overlay-type":"","overlay-color":"","overlay-opacity":"","overlay-gradient":""},"tablet":{"background-color":"var(--ast-global-color-4)","background-image":"","background-repeat":"repeat","background-position":"center center","background-size":"auto","background-attachment":"scroll","background-type":"","background-media":"","overlay-type":"","overlay-color":"","overlay-opacity":"","overlay-gradient":""},"mobile":{"background-color":"var(--ast-global-color-4)","background-image":"","background-repeat":"repeat","background-position":"center center","background-size":"auto","background-attachment":"scroll","background-type":"","background-media":"","overlay-type":"","overlay-color":"","overlay-opacity":"","overlay-gradient":""}},"_kadence_starter_templates_imported_post":false,"footnotes":""},"class_list":["post-385","page","type-page","status-publish","hentry"],"_links":{"self":[{"href":"https:\/\/pizzeria-corleone.pl\/index.php\/wp-json\/wp\/v2\/pages\/385","targetHints":{"allow":["GET"]}}],"collection":[{"href":"https:\/\/pizzeria-corleone.pl\/index.php\/wp-json\/wp\/v2\/pages"}],"about":[{"href":"https:\/\/pizzeria-corleone.pl\/index.php\/wp-json\/wp\/v2\/types\/page"}],"author":[{"embeddable":true,"href":"https:\/\/pizzeria-corleone.pl\/index.php\/wp-json\/wp\/v2\/users\/1"}],"replies":[{"embeddable":true,"href":"https:\/\/pizzeria-corleone.pl\/index.php\/wp-json\/wp\/v2\/comments?post=385"}],"version-history":[{"count":10,"href":"https:\/\/pizzeria-corleone.pl\/index.php\/wp-json\/wp\/v2\/pages\/385\/revisions"}],"predecessor-version":[{"id":475,"href":"https:\/\/pizzeria-corleone.pl\/index.php\/wp-json\/wp\/v2\/pages\/385\/revisions\/475"}],"wp:attachment":[{"href":"https:\/\/pizzeria-corleone.pl\/index.php\/wp-json\/wp\/v2\/media?parent=385"}],"curies":[{"name":"wp","href":"https:\/\/api.w.org\/{rel}","templated":true}]}}